{"id":701,"date":"2021-07-07T13:26:06","date_gmt":"2021-07-07T13:26:06","guid":{"rendered":"https:\/\/bridge455.qodeinteractive.com\/?page_id=701"},"modified":"2024-08-09T02:57:31","modified_gmt":"2024-08-09T02:57:31","slug":"contacto","status":"publish","type":"page","link":"https:\/\/lacomadreanita.com\/index.php\/contacto\/","title":{"rendered":"Contacto"},"content":{"rendered":"\t\t<div data-elementor-type=\"wp-page\" data-elementor-id=\"701\" class=\"elementor elementor-701\">\n\t\t\t\t\t\t<section class=\"elementor-section elementor-top-section elementor-element elementor-element-f1bfad2 elementor-section-full_width qode_elementor_container_inner elementor-section-height-default elementor-section-height-default parallax_section_no\" data-id=\"f1bfad2\" data-element_type=\"section\" data-e-type=\"section\">\n\t\t\t\t\t\t<div class=\"elementor-container elementor-column-gap-default\">\n\t\t\t\t\t<div class=\"elementor-column elementor-col-50 elementor-top-column elementor-element elementor-element-615e49d\" data-id=\"615e49d\" data-element_type=\"column\" data-e-type=\"column\">\n\t\t\t<div class=\"elementor-widget-wrap elementor-element-populated\">\n\t\t\t\t\t\t<div class=\"elementor-element elementor-element-a07c846 elementor-widget elementor-widget-google_maps\" data-id=\"a07c846\" data-element_type=\"widget\" data-e-type=\"widget\" data-widget_type=\"google_maps.default\">\n\t\t\t\t<div class=\"elementor-widget-container\">\n\t\t\t\t\t\t\t<div class=\"elementor-custom-embed\">\n\t\t\t<iframe loading=\"lazy\"\n\t\t\t\t\tsrc=\"https:\/\/maps.google.com\/maps?q=HRG3%2BM8%20M%C3%A9rida&#038;t=m&#038;z=10&#038;output=embed&#038;iwloc=near\"\n\t\t\t\t\ttitle=\"HRG3+M8 M\u00e9rida\"\n\t\t\t\t\taria-label=\"HRG3+M8 M\u00e9rida\"\n\t\t\t><\/iframe>\n\t\t<\/div>\n\t\t\t\t\t\t<\/div>\n\t\t\t\t<\/div>\n\t\t\t\t\t<\/div>\n\t\t<\/div>\n\t\t\t\t<div class=\"elementor-column elementor-col-50 elementor-top-column elementor-element elementor-element-810a058\" data-id=\"810a058\" data-element_type=\"column\" data-e-type=\"column\">\n\t\t\t<div class=\"elementor-widget-wrap elementor-element-populated\">\n\t\t\t\t\t\t<div class=\"elementor-element elementor-element-1b9b3f1 elementor-widget elementor-widget-text-editor\" data-id=\"1b9b3f1\" data-element_type=\"widget\" data-e-type=\"widget\" data-widget_type=\"text-editor.default\">\n\t\t\t\t<div class=\"elementor-widget-container\">\n\t\t\t\t\t\t\t\t\t<h3>Comunicate Con Nosotros<\/h3>\t\t\t\t\t\t\t\t<\/div>\n\t\t\t\t<\/div>\n\t\t\t\t<div class=\"elementor-element elementor-element-603309c elementor-widget elementor-widget-text-editor\" data-id=\"603309c\" data-element_type=\"widget\" data-e-type=\"widget\" data-widget_type=\"text-editor.default\">\n\t\t\t\t<div class=\"elementor-widget-container\">\n\t\t\t\t\t\t\t\t\t<p>Agroturismo Comadre Anita CA,<\/p><p>Rif: J-407012894<\/p><p>RTN: 000000<\/p><p>Si tienes alguna pregunta, comentario o sugerencia, por favor, no dudes en comunicarte con nosotros.<\/p>\t\t\t\t\t\t\t\t<\/div>\n\t\t\t\t<\/div>\n\t\t\t\t<div class=\"elementor-element elementor-element-e675495 elementor-widget elementor-widget-bridge_icon_text\" data-id=\"e675495\" data-element_type=\"widget\" data-e-type=\"widget\" data-widget_type=\"bridge_icon_text.default\">\n\t\t\t\t<div class=\"elementor-widget-container\">\n\t\t\t\t\t<div class='q_icon_with_title tiny custom_icon_image left_from_title '><div class=\"icon_text_holder\" style=\"\"><div class=\"icon_text_inner\" style=\"\"><div class=\"icon_title_holder\"><div class=\"icon_holder \" style=\" \"><img decoding=\"async\" itemprop=\"image\" style=\"\" src=\"https:\/\/lacomadreanita.com\/wp-content\/uploads\/2017\/08\/icon-1.png\" alt=\"a\"><\/div><h6 class=\"icon_title\" style=\"color: #878787;\">\tMerida, Sector la Asunci\u00f3n<\/h6><\/div><p style=''>Loma de los Maitines. Venezuela.                       Apartado postal 5101<\/p><\/div><\/div><\/div>\t\t\t\t<\/div>\n\t\t\t\t<\/div>\n\t\t\t\t<div class=\"elementor-element elementor-element-8469adf elementor-widget elementor-widget-bridge_icon_text\" data-id=\"8469adf\" data-element_type=\"widget\" data-e-type=\"widget\" data-widget_type=\"bridge_icon_text.default\">\n\t\t\t\t<div class=\"elementor-widget-container\">\n\t\t\t\t\t<div class='q_icon_with_title tiny custom_icon_image left_from_title '><div class=\"icon_text_holder\" style=\"\"><div class=\"icon_text_inner\" style=\"\"><div class=\"icon_title_holder\"><div class=\"icon_holder \" style=\" \"><img decoding=\"async\" itemprop=\"image\" style=\"\" src=\"https:\/\/lacomadreanita.com\/wp-content\/uploads\/2017\/08\/icon-2.png\" alt=\"k\"><\/div><h6 class=\"icon_title\" style=\"color: #878787;\"> 0414 1773925<\/h6><\/div><p style=''><\/p><\/div><\/div><\/div>\t\t\t\t<\/div>\n\t\t\t\t<\/div>\n\t\t\t\t<div class=\"elementor-element elementor-element-4e68dbc elementor-widget elementor-widget-bridge_icon_text\" data-id=\"4e68dbc\" data-element_type=\"widget\" data-e-type=\"widget\" data-widget_type=\"bridge_icon_text.default\">\n\t\t\t\t<div class=\"elementor-widget-container\">\n\t\t\t\t\t<div class='q_icon_with_title tiny custom_icon_image left_from_title '><div class=\"icon_text_holder\" style=\"\"><div class=\"icon_text_inner\" style=\"\"><div class=\"icon_title_holder\"><div class=\"icon_holder \" style=\" \"><img decoding=\"async\" itemprop=\"image\" style=\"\" src=\"https:\/\/lacomadreanita.com\/wp-content\/uploads\/2024\/06\/vecteezy_icon-media-social-instagram_22257067-removebg-preview.png\" alt=\"\"><\/div><h6 class=\"icon_title\" style=\"color: #878787;\">@posada_comadre_anita<\/h6><\/div><p style=''><\/p><\/div><\/div><\/div>\t\t\t\t<\/div>\n\t\t\t\t<\/div>\n\t\t\t\t\t<\/div>\n\t\t<\/div>\n\t\t\t\t\t<\/div>\n\t\t<\/section>\n\t\t\t\t<\/div>\n\t\t","protected":false},"excerpt":{"rendered":"<p>Comunicate Con Nosotros Agroturismo Comadre Anita CA, Rif: J-407012894 RTN: 000000 Si tienes alguna pregunta, comentario o sugerencia, por favor, no dudes en comunicarte con nosotros. Merida, Sector la Asunci\u00f3n Loma de los Maitines. Venezuela. Apartado postal 5101 0414 1773925 @posada_comadre_anita<\/p>\n","protected":false},"author":1,"featured_media":0,"parent":0,"menu_order":0,"comment_status":"closed","ping_status":"closed","template":"full_width.php","meta":{"footnotes":""},"class_list":["post-701","page","type-page","status-publish","hentry"],"yoast_head":"<!-- This site is optimized with the Yoast SEO plugin v27.3 - https:\/\/yoast.com\/product\/yoast-seo-wordpress\/ -->\n<title>Contacto - La Comadre Anita<\/title>\n<meta name=\"robots\" content=\"noindex, follow, max-snippet:-1, max-image-preview:large, max-video-preview:-1\" \/>\n<meta property=\"og:locale\" content=\"es_ES\" \/>\n<meta property=\"og:type\" content=\"article\" \/>\n<meta property=\"og:title\" content=\"Contacto - La Comadre Anita\" \/>\n<meta property=\"og:description\" content=\"Comunicate Con Nosotros Agroturismo Comadre Anita CA, Rif: J-407012894 RTN: 000000 Si tienes alguna pregunta, comentario o sugerencia, por favor, no dudes en comunicarte con nosotros. Merida, Sector la Asunci\u00f3n Loma de los Maitines. Venezuela. Apartado postal 5101 0414 1773925 @posada_comadre_anita\" \/>\n<meta property=\"og:url\" content=\"https:\/\/lacomadreanita.com\/index.php\/contacto\/\" \/>\n<meta property=\"og:site_name\" content=\"La Comadre Anita\" \/>\n<meta property=\"article:modified_time\" content=\"2024-08-09T02:57:31+00:00\" \/>\n<meta property=\"og:image\" content=\"https:\/\/lacomadreanita.com\/wp-content\/uploads\/2017\/08\/icon-1.png\" \/>\n<meta name=\"twitter:card\" content=\"summary_large_image\" \/>\n<meta name=\"twitter:label1\" content=\"Tiempo de lectura\" \/>\n\t<meta name=\"twitter:data1\" content=\"1 minuto\" \/>\n<script type=\"application\/ld+json\" class=\"yoast-schema-graph\">{\"@context\":\"https:\\\/\\\/schema.org\",\"@graph\":[{\"@type\":\"WebPage\",\"@id\":\"https:\\\/\\\/lacomadreanita.com\\\/index.php\\\/contacto\\\/\",\"url\":\"https:\\\/\\\/lacomadreanita.com\\\/index.php\\\/contacto\\\/\",\"name\":\"Contacto - La Comadre Anita\",\"isPartOf\":{\"@id\":\"https:\\\/\\\/lacomadreanita.com\\\/#website\"},\"primaryImageOfPage\":{\"@id\":\"https:\\\/\\\/lacomadreanita.com\\\/index.php\\\/contacto\\\/#primaryimage\"},\"image\":{\"@id\":\"https:\\\/\\\/lacomadreanita.com\\\/index.php\\\/contacto\\\/#primaryimage\"},\"thumbnailUrl\":\"https:\\\/\\\/lacomadreanita.com\\\/wp-content\\\/uploads\\\/2017\\\/08\\\/icon-1.png\",\"datePublished\":\"2021-07-07T13:26:06+00:00\",\"dateModified\":\"2024-08-09T02:57:31+00:00\",\"breadcrumb\":{\"@id\":\"https:\\\/\\\/lacomadreanita.com\\\/index.php\\\/contacto\\\/#breadcrumb\"},\"inLanguage\":\"es\",\"potentialAction\":[{\"@type\":\"ReadAction\",\"target\":[\"https:\\\/\\\/lacomadreanita.com\\\/index.php\\\/contacto\\\/\"]}]},{\"@type\":\"ImageObject\",\"inLanguage\":\"es\",\"@id\":\"https:\\\/\\\/lacomadreanita.com\\\/index.php\\\/contacto\\\/#primaryimage\",\"url\":\"https:\\\/\\\/lacomadreanita.com\\\/wp-content\\\/uploads\\\/2017\\\/08\\\/icon-1.png\",\"contentUrl\":\"https:\\\/\\\/lacomadreanita.com\\\/wp-content\\\/uploads\\\/2017\\\/08\\\/icon-1.png\",\"width\":16,\"height\":17,\"caption\":\"a\"},{\"@type\":\"BreadcrumbList\",\"@id\":\"https:\\\/\\\/lacomadreanita.com\\\/index.php\\\/contacto\\\/#breadcrumb\",\"itemListElement\":[{\"@type\":\"ListItem\",\"position\":1,\"name\":\"Portada\",\"item\":\"https:\\\/\\\/lacomadreanita.com\\\/\"},{\"@type\":\"ListItem\",\"position\":2,\"name\":\"Contacto\"}]},{\"@type\":\"WebSite\",\"@id\":\"https:\\\/\\\/lacomadreanita.com\\\/#website\",\"url\":\"https:\\\/\\\/lacomadreanita.com\\\/\",\"name\":\"La Comadre Anita\",\"description\":\"Bienvenidos a La Comadre Anita: Tu Refugio de Paz y Belleza Natural**&quot;  En La Comadre Anita, te invitamos a experimentar un espacio \u00fanico para el descanso y la tranquilidad. Situada en una encantadora casa de campo en una peque\u00f1a finca, nuestra posada ofrece una vista m\u00e1gica y una estad\u00eda maravillosa.  **\u00bfQu\u00e9 nos hace especiales?** - **Ubicaci\u00f3n privilegiada:** Al suroeste de la capital de M\u00e9rida, en la ruta hacia el pintoresco pueblo tur\u00edstico de Jaj\u00ed, estamos a pocos minutos del puente de La Pedregosa. La Loma de los Maitines nos acoge a una altitud de 1.515 metros sobre el nivel del mar, donde la temperatura promedio es de 19\u00b0C. \u00a1Nuestras coordenadas GPS son NORTE 08\u00ba34.604\u2019 OESTE 71\u00ba11.821\u2019! - **Accesibilidad:** A solo 15 minutos del centro de la ciudad, llegar a La Comadre Anita es f\u00e1cil y conveniente. - **Variedad de experiencias:** Ofrecemos una amplia gama de actividades para todos los gustos. Desde relajantes caminatas por senderos naturales hasta degustaciones de gastronom\u00eda local, aqu\u00ed encontrar\u00e1s algo que te encante.  \u00a1Ven y descubre la magia de La Comadre Anita! \ud83c\udf3f\ud83c\udf04\ud83c\udf1f\",\"publisher\":{\"@id\":\"https:\\\/\\\/lacomadreanita.com\\\/#organization\"},\"alternateName\":\"posada la comadre anita\",\"potentialAction\":[{\"@type\":\"SearchAction\",\"target\":{\"@type\":\"EntryPoint\",\"urlTemplate\":\"https:\\\/\\\/lacomadreanita.com\\\/?s={search_term_string}\"},\"query-input\":{\"@type\":\"PropertyValueSpecification\",\"valueRequired\":true,\"valueName\":\"search_term_string\"}}],\"inLanguage\":\"es\"},{\"@type\":\"Organization\",\"@id\":\"https:\\\/\\\/lacomadreanita.com\\\/#organization\",\"name\":\"La Comadre Anita\",\"alternateName\":\"Posada la Comadre Anita\",\"url\":\"https:\\\/\\\/lacomadreanita.com\\\/\",\"logo\":{\"@type\":\"ImageObject\",\"inLanguage\":\"es\",\"@id\":\"https:\\\/\\\/lacomadreanita.com\\\/#\\\/schema\\\/logo\\\/image\\\/\",\"url\":\"https:\\\/\\\/lacomadreanita.com\\\/wp-content\\\/uploads\\\/2024\\\/06\\\/cropped-logo-PCA-Restaurante-y-eventos-01.png\",\"contentUrl\":\"https:\\\/\\\/lacomadreanita.com\\\/wp-content\\\/uploads\\\/2024\\\/06\\\/cropped-logo-PCA-Restaurante-y-eventos-01.png\",\"width\":512,\"height\":512,\"caption\":\"La Comadre Anita\"},\"image\":{\"@id\":\"https:\\\/\\\/lacomadreanita.com\\\/#\\\/schema\\\/logo\\\/image\\\/\"},\"sameAs\":[\"https:\\\/\\\/www.instagram.com\\\/POSADA_COMADRE_ANITA\"]}]}<\/script>\n<!-- \/ Yoast SEO plugin. -->","yoast_head_json":{"title":"Contacto - La Comadre Anita","robots":{"index":"noindex","follow":"follow","max-snippet":"max-snippet:-1","max-image-preview":"max-image-preview:large","max-video-preview":"max-video-preview:-1"},"og_locale":"es_ES","og_type":"article","og_title":"Contacto - La Comadre Anita","og_description":"Comunicate Con Nosotros Agroturismo Comadre Anita CA, Rif: J-407012894 RTN: 000000 Si tienes alguna pregunta, comentario o sugerencia, por favor, no dudes en comunicarte con nosotros. Merida, Sector la Asunci\u00f3n Loma de los Maitines. Venezuela. Apartado postal 5101 0414 1773925 @posada_comadre_anita","og_url":"https:\/\/lacomadreanita.com\/index.php\/contacto\/","og_site_name":"La Comadre Anita","article_modified_time":"2024-08-09T02:57:31+00:00","og_image":[{"url":"https:\/\/lacomadreanita.com\/wp-content\/uploads\/2017\/08\/icon-1.png","type":"","width":"","height":""}],"twitter_card":"summary_large_image","twitter_misc":{"Tiempo de lectura":"1 minuto"},"schema":{"@context":"https:\/\/schema.org","@graph":[{"@type":"WebPage","@id":"https:\/\/lacomadreanita.com\/index.php\/contacto\/","url":"https:\/\/lacomadreanita.com\/index.php\/contacto\/","name":"Contacto - La Comadre Anita","isPartOf":{"@id":"https:\/\/lacomadreanita.com\/#website"},"primaryImageOfPage":{"@id":"https:\/\/lacomadreanita.com\/index.php\/contacto\/#primaryimage"},"image":{"@id":"https:\/\/lacomadreanita.com\/index.php\/contacto\/#primaryimage"},"thumbnailUrl":"https:\/\/lacomadreanita.com\/wp-content\/uploads\/2017\/08\/icon-1.png","datePublished":"2021-07-07T13:26:06+00:00","dateModified":"2024-08-09T02:57:31+00:00","breadcrumb":{"@id":"https:\/\/lacomadreanita.com\/index.php\/contacto\/#breadcrumb"},"inLanguage":"es","potentialAction":[{"@type":"ReadAction","target":["https:\/\/lacomadreanita.com\/index.php\/contacto\/"]}]},{"@type":"ImageObject","inLanguage":"es","@id":"https:\/\/lacomadreanita.com\/index.php\/contacto\/#primaryimage","url":"https:\/\/lacomadreanita.com\/wp-content\/uploads\/2017\/08\/icon-1.png","contentUrl":"https:\/\/lacomadreanita.com\/wp-content\/uploads\/2017\/08\/icon-1.png","width":16,"height":17,"caption":"a"},{"@type":"BreadcrumbList","@id":"https:\/\/lacomadreanita.com\/index.php\/contacto\/#breadcrumb","itemListElement":[{"@type":"ListItem","position":1,"name":"Portada","item":"https:\/\/lacomadreanita.com\/"},{"@type":"ListItem","position":2,"name":"Contacto"}]},{"@type":"WebSite","@id":"https:\/\/lacomadreanita.com\/#website","url":"https:\/\/lacomadreanita.com\/","name":"La Comadre Anita","description":"Bienvenidos a La Comadre Anita: Tu Refugio de Paz y Belleza Natural**&quot;  En La Comadre Anita, te invitamos a experimentar un espacio \u00fanico para el descanso y la tranquilidad. Situada en una encantadora casa de campo en una peque\u00f1a finca, nuestra posada ofrece una vista m\u00e1gica y una estad\u00eda maravillosa.  **\u00bfQu\u00e9 nos hace especiales?** - **Ubicaci\u00f3n privilegiada:** Al suroeste de la capital de M\u00e9rida, en la ruta hacia el pintoresco pueblo tur\u00edstico de Jaj\u00ed, estamos a pocos minutos del puente de La Pedregosa. La Loma de los Maitines nos acoge a una altitud de 1.515 metros sobre el nivel del mar, donde la temperatura promedio es de 19\u00b0C. \u00a1Nuestras coordenadas GPS son NORTE 08\u00ba34.604\u2019 OESTE 71\u00ba11.821\u2019! - **Accesibilidad:** A solo 15 minutos del centro de la ciudad, llegar a La Comadre Anita es f\u00e1cil y conveniente. - **Variedad de experiencias:** Ofrecemos una amplia gama de actividades para todos los gustos. Desde relajantes caminatas por senderos naturales hasta degustaciones de gastronom\u00eda local, aqu\u00ed encontrar\u00e1s algo que te encante.  \u00a1Ven y descubre la magia de La Comadre Anita! \ud83c\udf3f\ud83c\udf04\ud83c\udf1f","publisher":{"@id":"https:\/\/lacomadreanita.com\/#organization"},"alternateName":"posada la comadre anita","potentialAction":[{"@type":"SearchAction","target":{"@type":"EntryPoint","urlTemplate":"https:\/\/lacomadreanita.com\/?s={search_term_string}"},"query-input":{"@type":"PropertyValueSpecification","valueRequired":true,"valueName":"search_term_string"}}],"inLanguage":"es"},{"@type":"Organization","@id":"https:\/\/lacomadreanita.com\/#organization","name":"La Comadre Anita","alternateName":"Posada la Comadre Anita","url":"https:\/\/lacomadreanita.com\/","logo":{"@type":"ImageObject","inLanguage":"es","@id":"https:\/\/lacomadreanita.com\/#\/schema\/logo\/image\/","url":"https:\/\/lacomadreanita.com\/wp-content\/uploads\/2024\/06\/cropped-logo-PCA-Restaurante-y-eventos-01.png","contentUrl":"https:\/\/lacomadreanita.com\/wp-content\/uploads\/2024\/06\/cropped-logo-PCA-Restaurante-y-eventos-01.png","width":512,"height":512,"caption":"La Comadre Anita"},"image":{"@id":"https:\/\/lacomadreanita.com\/#\/schema\/logo\/image\/"},"sameAs":["https:\/\/www.instagram.com\/POSADA_COMADRE_ANITA"]}]}},"_links":{"self":[{"href":"https:\/\/lacomadreanita.com\/index.php\/wp-json\/wp\/v2\/pages\/701","targetHints":{"allow":["GET"]}}],"collection":[{"href":"https:\/\/lacomadreanita.com\/index.php\/wp-json\/wp\/v2\/pages"}],"about":[{"href":"https:\/\/lacomadreanita.com\/index.php\/wp-json\/wp\/v2\/types\/page"}],"author":[{"embeddable":true,"href":"https:\/\/lacomadreanita.com\/index.php\/wp-json\/wp\/v2\/users\/1"}],"replies":[{"embeddable":true,"href":"https:\/\/lacomadreanita.com\/index.php\/wp-json\/wp\/v2\/comments?post=701"}],"version-history":[{"count":25,"href":"https:\/\/lacomadreanita.com\/index.php\/wp-json\/wp\/v2\/pages\/701\/revisions"}],"predecessor-version":[{"id":5230,"href":"https:\/\/lacomadreanita.com\/index.php\/wp-json\/wp\/v2\/pages\/701\/revisions\/5230"}],"wp:attachment":[{"href":"https:\/\/lacomadreanita.com\/index.php\/wp-json\/wp\/v2\/media?parent=701"}],"curies":[{"name":"wp","href":"https:\/\/api.w.org\/{rel}","templated":true}]}}