{"id":698,"date":"2021-07-07T13:25:48","date_gmt":"2021-07-07T13:25:48","guid":{"rendered":"https:\/\/bridge455.qodeinteractive.com\/?page_id=698"},"modified":"2024-06-27T23:29:58","modified_gmt":"2024-06-27T23:29:58","slug":"reservaciones","status":"publish","type":"page","link":"https:\/\/lacomadreanita.com\/index.php\/reservaciones\/","title":{"rendered":"Reservaciones"},"content":{"rendered":"\t\t<div data-elementor-type=\"wp-page\" data-elementor-id=\"698\" class=\"elementor elementor-698\">\n\t\t\t\t\t\t<section class=\"elementor-section elementor-top-section elementor-element elementor-element-37ea502 elementor-section-full_width elementor-section-height-default elementor-section-height-default parallax_section_no qode_elementor_container_no\" data-id=\"37ea502\" data-element_type=\"section\" data-e-type=\"section\" data-settings=\"{&quot;background_background&quot;:&quot;classic&quot;}\">\n\t\t\t\t\t\t<div class=\"elementor-container elementor-column-gap-default\">\n\t\t\t\t\t<div class=\"elementor-column elementor-col-100 elementor-top-column elementor-element elementor-element-5abb374\" data-id=\"5abb374\" data-element_type=\"column\" data-e-type=\"column\">\n\t\t\t<div class=\"elementor-widget-wrap elementor-element-populated\">\n\t\t\t\t\t\t<div class=\"elementor-element elementor-element-13456cf elementor-widget elementor-widget-text-editor\" data-id=\"13456cf\" data-element_type=\"widget\" data-e-type=\"widget\" data-widget_type=\"text-editor.default\">\n\t\t\t\t<div class=\"elementor-widget-container\">\n\t\t\t\t\t\t\t\t\t<h1 style=\"text-align: center;\"><span style=\"color: #ffffff;\">Reserva Ahora<\/span><\/h1>\t\t\t\t\t\t\t\t<\/div>\n\t\t\t\t<\/div>\n\t\t\t\t\t<\/div>\n\t\t<\/div>\n\t\t\t\t\t<\/div>\n\t\t<\/section>\n\t\t<div class=\"elementor-element elementor-element-5f98b59 e-flex e-con-boxed parallax_section_no qode_elementor_container_no e-con e-parent\" data-id=\"5f98b59\" data-element_type=\"container\" data-e-type=\"container\">\n\t\t\t\t\t<div class=\"e-con-inner\">\n\t\t<div class=\"elementor-element elementor-element-f1a56da e-con-full e-flex parallax_section_no qode_elementor_container_no e-con e-child\" data-id=\"f1a56da\" data-element_type=\"container\" data-e-type=\"container\" id=\"yop\" data-settings=\"{&quot;background_background&quot;:&quot;classic&quot;}\">\n\t\t\t\t<div class=\"elementor-element elementor-element-750915d elementor-widget elementor-widget-heading\" data-id=\"750915d\" data-element_type=\"widget\" data-e-type=\"widget\" data-widget_type=\"heading.default\">\n\t\t\t\t<div class=\"elementor-widget-container\">\n\t\t\t\t\t<h2 class=\"elementor-heading-title elementor-size-default\">Rellena el formulario para reservar nuestro sal\u00f3n de eventos o alguna de nuestras habitaci\u00f3nes<\/h2>\t\t\t\t<\/div>\n\t\t\t\t<\/div>\n\t\t\t\t<div class=\"elementor-element elementor-element-41676a5 elementor-widget elementor-widget-text-editor\" data-id=\"41676a5\" data-element_type=\"widget\" data-e-type=\"widget\" data-widget_type=\"text-editor.default\">\n\t\t\t\t<div class=\"elementor-widget-container\">\n\t\t\t\t\t\t\t\t\t<p>Si deseas agendar alguna fecha en nuestro restaurante escribenos directamente al <a href=\"https:\/\/api.whatsapp.com\/send\/?phone=584143742313&amp;text&amp;type=phone_number&amp;app_absent=0\"><em><strong>WhatsApp<\/strong> <\/em><\/a>y nos encargaremos de ello.<\/p>\t\t\t\t\t\t\t\t<\/div>\n\t\t\t\t<\/div>\n\t\t\t\t<\/div>\n\t\t\t\t\t<\/div>\n\t\t\t\t<\/div>\n\t\t\t\t<\/div>\n\t\t","protected":false},"excerpt":{"rendered":"<p>Reserva Ahora Rellena el formulario para reservar nuestro sal\u00f3n de eventos o alguna de nuestras habitaci\u00f3nes [ameliastepbooking] Si deseas agendar alguna fecha en nuestro restaurante escribenos directamente al WhatsApp y nos encargaremos de ello.<\/p>\n","protected":false},"author":1,"featured_media":0,"parent":0,"menu_order":0,"comment_status":"closed","ping_status":"closed","template":"full_width.php","meta":{"footnotes":""},"class_list":["post-698","page","type-page","status-publish","hentry"],"yoast_head":"<!-- This site is optimized with the Yoast SEO plugin v27.4 - https:\/\/yoast.com\/product\/yoast-seo-wordpress\/ -->\n<title>Reservaciones - La Comadre Anita<\/title>\n<meta name=\"robots\" content=\"index, follow, max-snippet:-1, max-image-preview:large, max-video-preview:-1\" \/>\n<link rel=\"canonical\" href=\"https:\/\/lacomadreanita.com\/index.php\/reservaciones\/\" \/>\n<meta property=\"og:locale\" content=\"es_ES\" \/>\n<meta property=\"og:type\" content=\"article\" \/>\n<meta property=\"og:title\" content=\"Reservaciones - La Comadre Anita\" \/>\n<meta property=\"og:description\" content=\"Reserva Ahora Rellena el formulario para reservar nuestro sal\u00f3n de eventos o alguna de nuestras habitaci\u00f3nes [ameliastepbooking] Si deseas agendar alguna fecha en nuestro restaurante escribenos directamente al WhatsApp y nos encargaremos de ello.\" \/>\n<meta property=\"og:url\" content=\"https:\/\/lacomadreanita.com\/index.php\/reservaciones\/\" \/>\n<meta property=\"og:site_name\" content=\"La Comadre Anita\" \/>\n<meta property=\"article:modified_time\" content=\"2024-06-27T23:29:58+00:00\" \/>\n<meta property=\"og:image\" content=\"https:\/\/lacomadreanita.com\/wp-content\/uploads\/2024\/06\/cropped-logo-PCA-Restaurante-y-eventos-01.png\" \/>\n\t<meta property=\"og:image:width\" content=\"512\" \/>\n\t<meta property=\"og:image:height\" content=\"512\" \/>\n\t<meta property=\"og:image:type\" content=\"image\/png\" \/>\n<meta name=\"twitter:card\" content=\"summary_large_image\" \/>\n<script type=\"application\/ld+json\" class=\"yoast-schema-graph\">{\"@context\":\"https:\\\/\\\/schema.org\",\"@graph\":[{\"@type\":\"WebPage\",\"@id\":\"https:\\\/\\\/lacomadreanita.com\\\/index.php\\\/reservaciones\\\/\",\"url\":\"https:\\\/\\\/lacomadreanita.com\\\/index.php\\\/reservaciones\\\/\",\"name\":\"Reservaciones - La Comadre Anita\",\"isPartOf\":{\"@id\":\"https:\\\/\\\/lacomadreanita.com\\\/#website\"},\"datePublished\":\"2021-07-07T13:25:48+00:00\",\"dateModified\":\"2024-06-27T23:29:58+00:00\",\"breadcrumb\":{\"@id\":\"https:\\\/\\\/lacomadreanita.com\\\/index.php\\\/reservaciones\\\/#breadcrumb\"},\"inLanguage\":\"es\",\"potentialAction\":[{\"@type\":\"ReadAction\",\"target\":[\"https:\\\/\\\/lacomadreanita.com\\\/index.php\\\/reservaciones\\\/\"]}]},{\"@type\":\"BreadcrumbList\",\"@id\":\"https:\\\/\\\/lacomadreanita.com\\\/index.php\\\/reservaciones\\\/#breadcrumb\",\"itemListElement\":[{\"@type\":\"ListItem\",\"position\":1,\"name\":\"Portada\",\"item\":\"https:\\\/\\\/lacomadreanita.com\\\/\"},{\"@type\":\"ListItem\",\"position\":2,\"name\":\"Reservaciones\"}]},{\"@type\":\"WebSite\",\"@id\":\"https:\\\/\\\/lacomadreanita.com\\\/#website\",\"url\":\"https:\\\/\\\/lacomadreanita.com\\\/\",\"name\":\"La Comadre Anita\",\"description\":\"Bienvenidos a La Comadre Anita: Tu Refugio de Paz y Belleza Natural**&quot;  En La Comadre Anita, te invitamos a experimentar un espacio \u00fanico para el descanso y la tranquilidad. Situada en una encantadora casa de campo en una peque\u00f1a finca, nuestra posada ofrece una vista m\u00e1gica y una estad\u00eda maravillosa.  **\u00bfQu\u00e9 nos hace especiales?** - **Ubicaci\u00f3n privilegiada:** Al suroeste de la capital de M\u00e9rida, en la ruta hacia el pintoresco pueblo tur\u00edstico de Jaj\u00ed, estamos a pocos minutos del puente de La Pedregosa. La Loma de los Maitines nos acoge a una altitud de 1.515 metros sobre el nivel del mar, donde la temperatura promedio es de 19\u00b0C. \u00a1Nuestras coordenadas GPS son NORTE 08\u00ba34.604\u2019 OESTE 71\u00ba11.821\u2019! - **Accesibilidad:** A solo 15 minutos del centro de la ciudad, llegar a La Comadre Anita es f\u00e1cil y conveniente. - **Variedad de experiencias:** Ofrecemos una amplia gama de actividades para todos los gustos. Desde relajantes caminatas por senderos naturales hasta degustaciones de gastronom\u00eda local, aqu\u00ed encontrar\u00e1s algo que te encante.  \u00a1Ven y descubre la magia de La Comadre Anita! \ud83c\udf3f\ud83c\udf04\ud83c\udf1f\",\"publisher\":{\"@id\":\"https:\\\/\\\/lacomadreanita.com\\\/#organization\"},\"alternateName\":\"posada la comadre anita\",\"potentialAction\":[{\"@type\":\"SearchAction\",\"target\":{\"@type\":\"EntryPoint\",\"urlTemplate\":\"https:\\\/\\\/lacomadreanita.com\\\/?s={search_term_string}\"},\"query-input\":{\"@type\":\"PropertyValueSpecification\",\"valueRequired\":true,\"valueName\":\"search_term_string\"}}],\"inLanguage\":\"es\"},{\"@type\":\"Organization\",\"@id\":\"https:\\\/\\\/lacomadreanita.com\\\/#organization\",\"name\":\"La Comadre Anita\",\"alternateName\":\"Posada la Comadre Anita\",\"url\":\"https:\\\/\\\/lacomadreanita.com\\\/\",\"logo\":{\"@type\":\"ImageObject\",\"inLanguage\":\"es\",\"@id\":\"https:\\\/\\\/lacomadreanita.com\\\/#\\\/schema\\\/logo\\\/image\\\/\",\"url\":\"https:\\\/\\\/lacomadreanita.com\\\/wp-content\\\/uploads\\\/2024\\\/06\\\/cropped-logo-PCA-Restaurante-y-eventos-01.png\",\"contentUrl\":\"https:\\\/\\\/lacomadreanita.com\\\/wp-content\\\/uploads\\\/2024\\\/06\\\/cropped-logo-PCA-Restaurante-y-eventos-01.png\",\"width\":512,\"height\":512,\"caption\":\"La Comadre Anita\"},\"image\":{\"@id\":\"https:\\\/\\\/lacomadreanita.com\\\/#\\\/schema\\\/logo\\\/image\\\/\"},\"sameAs\":[\"https:\\\/\\\/www.instagram.com\\\/POSADA_COMADRE_ANITA\"]}]}<\/script>\n<!-- \/ Yoast SEO plugin. -->","yoast_head_json":{"title":"Reservaciones - La Comadre Anita","robots":{"index":"index","follow":"follow","max-snippet":"max-snippet:-1","max-image-preview":"max-image-preview:large","max-video-preview":"max-video-preview:-1"},"canonical":"https:\/\/lacomadreanita.com\/index.php\/reservaciones\/","og_locale":"es_ES","og_type":"article","og_title":"Reservaciones - La Comadre Anita","og_description":"Reserva Ahora Rellena el formulario para reservar nuestro sal\u00f3n de eventos o alguna de nuestras habitaci\u00f3nes [ameliastepbooking] Si deseas agendar alguna fecha en nuestro restaurante escribenos directamente al WhatsApp y nos encargaremos de ello.","og_url":"https:\/\/lacomadreanita.com\/index.php\/reservaciones\/","og_site_name":"La Comadre Anita","article_modified_time":"2024-06-27T23:29:58+00:00","og_image":[{"width":512,"height":512,"url":"https:\/\/lacomadreanita.com\/wp-content\/uploads\/2024\/06\/cropped-logo-PCA-Restaurante-y-eventos-01.png","type":"image\/png"}],"twitter_card":"summary_large_image","schema":{"@context":"https:\/\/schema.org","@graph":[{"@type":"WebPage","@id":"https:\/\/lacomadreanita.com\/index.php\/reservaciones\/","url":"https:\/\/lacomadreanita.com\/index.php\/reservaciones\/","name":"Reservaciones - La Comadre Anita","isPartOf":{"@id":"https:\/\/lacomadreanita.com\/#website"},"datePublished":"2021-07-07T13:25:48+00:00","dateModified":"2024-06-27T23:29:58+00:00","breadcrumb":{"@id":"https:\/\/lacomadreanita.com\/index.php\/reservaciones\/#breadcrumb"},"inLanguage":"es","potentialAction":[{"@type":"ReadAction","target":["https:\/\/lacomadreanita.com\/index.php\/reservaciones\/"]}]},{"@type":"BreadcrumbList","@id":"https:\/\/lacomadreanita.com\/index.php\/reservaciones\/#breadcrumb","itemListElement":[{"@type":"ListItem","position":1,"name":"Portada","item":"https:\/\/lacomadreanita.com\/"},{"@type":"ListItem","position":2,"name":"Reservaciones"}]},{"@type":"WebSite","@id":"https:\/\/lacomadreanita.com\/#website","url":"https:\/\/lacomadreanita.com\/","name":"La Comadre Anita","description":"Bienvenidos a La Comadre Anita: Tu Refugio de Paz y Belleza Natural**&quot;  En La Comadre Anita, te invitamos a experimentar un espacio \u00fanico para el descanso y la tranquilidad. Situada en una encantadora casa de campo en una peque\u00f1a finca, nuestra posada ofrece una vista m\u00e1gica y una estad\u00eda maravillosa.  **\u00bfQu\u00e9 nos hace especiales?** - **Ubicaci\u00f3n privilegiada:** Al suroeste de la capital de M\u00e9rida, en la ruta hacia el pintoresco pueblo tur\u00edstico de Jaj\u00ed, estamos a pocos minutos del puente de La Pedregosa. La Loma de los Maitines nos acoge a una altitud de 1.515 metros sobre el nivel del mar, donde la temperatura promedio es de 19\u00b0C. \u00a1Nuestras coordenadas GPS son NORTE 08\u00ba34.604\u2019 OESTE 71\u00ba11.821\u2019! - **Accesibilidad:** A solo 15 minutos del centro de la ciudad, llegar a La Comadre Anita es f\u00e1cil y conveniente. - **Variedad de experiencias:** Ofrecemos una amplia gama de actividades para todos los gustos. Desde relajantes caminatas por senderos naturales hasta degustaciones de gastronom\u00eda local, aqu\u00ed encontrar\u00e1s algo que te encante.  \u00a1Ven y descubre la magia de La Comadre Anita! \ud83c\udf3f\ud83c\udf04\ud83c\udf1f","publisher":{"@id":"https:\/\/lacomadreanita.com\/#organization"},"alternateName":"posada la comadre anita","potentialAction":[{"@type":"SearchAction","target":{"@type":"EntryPoint","urlTemplate":"https:\/\/lacomadreanita.com\/?s={search_term_string}"},"query-input":{"@type":"PropertyValueSpecification","valueRequired":true,"valueName":"search_term_string"}}],"inLanguage":"es"},{"@type":"Organization","@id":"https:\/\/lacomadreanita.com\/#organization","name":"La Comadre Anita","alternateName":"Posada la Comadre Anita","url":"https:\/\/lacomadreanita.com\/","logo":{"@type":"ImageObject","inLanguage":"es","@id":"https:\/\/lacomadreanita.com\/#\/schema\/logo\/image\/","url":"https:\/\/lacomadreanita.com\/wp-content\/uploads\/2024\/06\/cropped-logo-PCA-Restaurante-y-eventos-01.png","contentUrl":"https:\/\/lacomadreanita.com\/wp-content\/uploads\/2024\/06\/cropped-logo-PCA-Restaurante-y-eventos-01.png","width":512,"height":512,"caption":"La Comadre Anita"},"image":{"@id":"https:\/\/lacomadreanita.com\/#\/schema\/logo\/image\/"},"sameAs":["https:\/\/www.instagram.com\/POSADA_COMADRE_ANITA"]}]}},"_links":{"self":[{"href":"https:\/\/lacomadreanita.com\/index.php\/wp-json\/wp\/v2\/pages\/698","targetHints":{"allow":["GET"]}}],"collection":[{"href":"https:\/\/lacomadreanita.com\/index.php\/wp-json\/wp\/v2\/pages"}],"about":[{"href":"https:\/\/lacomadreanita.com\/index.php\/wp-json\/wp\/v2\/types\/page"}],"author":[{"embeddable":true,"href":"https:\/\/lacomadreanita.com\/index.php\/wp-json\/wp\/v2\/users\/1"}],"replies":[{"embeddable":true,"href":"https:\/\/lacomadreanita.com\/index.php\/wp-json\/wp\/v2\/comments?post=698"}],"version-history":[{"count":73,"href":"https:\/\/lacomadreanita.com\/index.php\/wp-json\/wp\/v2\/pages\/698\/revisions"}],"predecessor-version":[{"id":3460,"href":"https:\/\/lacomadreanita.com\/index.php\/wp-json\/wp\/v2\/pages\/698\/revisions\/3460"}],"wp:attachment":[{"href":"https:\/\/lacomadreanita.com\/index.php\/wp-json\/wp\/v2\/media?parent=698"}],"curies":[{"name":"wp","href":"https:\/\/api.w.org\/{rel}","templated":true}]}}